{"id":1111,"date":"2020-07-29T12:53:20","date_gmt":"2020-07-29T10:53:20","guid":{"rendered":"http:\/\/somosusted.com\/home2\/"},"modified":"2025-12-15T16:30:58","modified_gmt":"2025-12-15T14:30:58","slug":"home","status":"publish","type":"page","link":"https:\/\/somosusted.com\/ca\/","title":{"rendered":"Home"},"content":{"rendered":"\n<h2>Direcci\u00f3 estrat\u00e8gica i creativa per a marques. <em>\u00c9s dif\u00edcil ser tu mateix, per\u00f2 alg\u00fa ho ha de fer.<\/em><\/h2>\n\n\n\n<p><\/p>\n","protected":false},"excerpt":{"rendered":"<p>Direcci\u00f3 estrat\u00e8gica i creativa per a marques. \u00c9s dif\u00edcil ser tu mateix, per\u00f2 alg\u00fa ho ha de fer.<\/p>\n","protected":false},"author":1,"featured_media":1467,"parent":0,"menu_order":0,"comment_status":"closed","ping_status":"closed","template":"","meta":[],"acf":[],"yoast_head":"<!-- This site is optimized with the Yoast SEO plugin v19.7.1 - https:\/\/yoast.com\/wordpress\/plugins\/seo\/ -->\n<title>Home | Usted<\/title>\n<meta name=\"description\" content=\"Ag\u00e8ncia de publicitat i disseny de Barcelona. Desenvolupem estrat\u00e8gia i creativitat per la teva marca: campanyes, naming, conceptes i m\u00e9s. Un millor tu.\" \/>\n<meta name=\"robots\" content=\"index, follow, max-snippet:-1, max-image-preview:large, max-video-preview:-1\" \/>\n<link rel=\"canonical\" href=\"https:\/\/somosusted.com\/ca\/\" \/>\n<meta property=\"og:locale\" content=\"ca_ES\" \/>\n<meta property=\"og:type\" content=\"article\" \/>\n<meta property=\"og:title\" content=\"Home | Usted\" \/>\n<meta property=\"og:description\" content=\"Ag\u00e8ncia de publicitat i disseny de Barcelona. Desenvolupem estrat\u00e8gia i creativitat per la teva marca: campanyes, naming, conceptes i m\u00e9s. Un millor tu.\" \/>\n<meta property=\"og:url\" content=\"https:\/\/somosusted.com\/ca\/\" \/>\n<meta property=\"og:site_name\" content=\"Usted\" \/>\n<meta property=\"article:publisher\" content=\"https:\/\/www.facebook.com\/somosusted\/\" \/>\n<meta property=\"article:modified_time\" content=\"2025-12-15T14:30:58+00:00\" \/>\n<meta property=\"og:image\" content=\"https:\/\/somosusted.com\/wp-content\/uploads\/2020\/07\/usted_02.jpg\" \/>\n\t<meta property=\"og:image:width\" content=\"1440\" \/>\n\t<meta property=\"og:image:height\" content=\"1920\" \/>\n\t<meta property=\"og:image:type\" content=\"image\/jpeg\" \/>\n<meta name=\"twitter:card\" content=\"summary_large_image\" \/>\n<meta name=\"twitter:site\" content=\"@Usted_TW\" \/>\n<meta name=\"twitter:label1\" content=\"Temps estimat de lectura\" \/>\n\t<meta name=\"twitter:data1\" content=\"1 minut\" \/>\n<script type=\"application\/ld+json\" class=\"yoast-schema-graph\">{\"@context\":\"https:\/\/schema.org\",\"@graph\":[{\"@type\":\"WebPage\",\"@id\":\"https:\/\/somosusted.com\/ca\/\",\"url\":\"https:\/\/somosusted.com\/ca\/\",\"name\":\"Home | Usted\",\"isPartOf\":{\"@id\":\"https:\/\/somosusted.com\/#website\"},\"datePublished\":\"2020-07-29T10:53:20+00:00\",\"dateModified\":\"2025-12-15T14:30:58+00:00\",\"description\":\"Ag\u00e8ncia de publicitat i disseny de Barcelona. Desenvolupem estrat\u00e8gia i creativitat per la teva marca: campanyes, naming, conceptes i m\u00e9s. Un millor tu.\",\"breadcrumb\":{\"@id\":\"https:\/\/somosusted.com\/ca\/#breadcrumb\"},\"inLanguage\":\"ca\",\"potentialAction\":[{\"@type\":\"ReadAction\",\"target\":[\"https:\/\/somosusted.com\/ca\/\"]}]},{\"@type\":\"BreadcrumbList\",\"@id\":\"https:\/\/somosusted.com\/ca\/#breadcrumb\",\"itemListElement\":[{\"@type\":\"ListItem\",\"position\":1,\"name\":\"Home\",\"item\":\"https:\/\/somosusted.com\/ca\/\"},{\"@type\":\"ListItem\",\"position\":2,\"name\":\"Home\"}]},{\"@type\":\"WebSite\",\"@id\":\"https:\/\/somosusted.com\/#website\",\"url\":\"https:\/\/somosusted.com\/\",\"name\":\"Usted\",\"description\":\"Un millor tu.\",\"publisher\":{\"@id\":\"https:\/\/somosusted.com\/#organization\"},\"potentialAction\":[{\"@type\":\"SearchAction\",\"target\":{\"@type\":\"EntryPoint\",\"urlTemplate\":\"https:\/\/somosusted.com\/?s={search_term_string}\"},\"query-input\":\"required name=search_term_string\"}],\"inLanguage\":\"ca\"},{\"@type\":\"Organization\",\"@id\":\"https:\/\/somosusted.com\/#organization\",\"name\":\"Usted\",\"url\":\"https:\/\/somosusted.com\/\",\"sameAs\":[\"https:\/\/www.instagram.com\/_usted_\/\",\"https:\/\/www.linkedin.com\/company\/usted-\",\"https:\/\/www.facebook.com\/somosusted\/\",\"https:\/\/twitter.com\/Usted_TW\"],\"logo\":{\"@type\":\"ImageObject\",\"inLanguage\":\"ca\",\"@id\":\"https:\/\/somosusted.com\/#\/schema\/logo\/image\/\",\"url\":\"https:\/\/somosusted.com\/wp-content\/uploads\/2020\/07\/usted_01.jpg\",\"contentUrl\":\"https:\/\/somosusted.com\/wp-content\/uploads\/2020\/07\/usted_01.jpg\",\"width\":1920,\"height\":1280,\"caption\":\"Usted\"},\"image\":{\"@id\":\"https:\/\/somosusted.com\/#\/schema\/logo\/image\/\"}}]}<\/script>\n<!-- \/ Yoast SEO plugin. -->","yoast_head_json":{"title":"Home | Usted","description":"Ag\u00e8ncia de publicitat i disseny de Barcelona. Desenvolupem estrat\u00e8gia i creativitat per la teva marca: campanyes, naming, conceptes i m\u00e9s. Un millor tu.","robots":{"index":"index","follow":"follow","max-snippet":"max-snippet:-1","max-image-preview":"max-image-preview:large","max-video-preview":"max-video-preview:-1"},"canonical":"https:\/\/somosusted.com\/ca\/","og_locale":"ca_ES","og_type":"article","og_title":"Home | Usted","og_description":"Ag\u00e8ncia de publicitat i disseny de Barcelona. Desenvolupem estrat\u00e8gia i creativitat per la teva marca: campanyes, naming, conceptes i m\u00e9s. Un millor tu.","og_url":"https:\/\/somosusted.com\/ca\/","og_site_name":"Usted","article_publisher":"https:\/\/www.facebook.com\/somosusted\/","article_modified_time":"2025-12-15T14:30:58+00:00","og_image":[{"width":1440,"height":1920,"url":"https:\/\/somosusted.com\/wp-content\/uploads\/2020\/07\/usted_02.jpg","type":"image\/jpeg"}],"twitter_card":"summary_large_image","twitter_site":"@Usted_TW","twitter_misc":{"Temps estimat de lectura":"1 minut"},"schema":{"@context":"https:\/\/schema.org","@graph":[{"@type":"WebPage","@id":"https:\/\/somosusted.com\/ca\/","url":"https:\/\/somosusted.com\/ca\/","name":"Home | Usted","isPartOf":{"@id":"https:\/\/somosusted.com\/#website"},"datePublished":"2020-07-29T10:53:20+00:00","dateModified":"2025-12-15T14:30:58+00:00","description":"Ag\u00e8ncia de publicitat i disseny de Barcelona. Desenvolupem estrat\u00e8gia i creativitat per la teva marca: campanyes, naming, conceptes i m\u00e9s. Un millor tu.","breadcrumb":{"@id":"https:\/\/somosusted.com\/ca\/#breadcrumb"},"inLanguage":"ca","potentialAction":[{"@type":"ReadAction","target":["https:\/\/somosusted.com\/ca\/"]}]},{"@type":"BreadcrumbList","@id":"https:\/\/somosusted.com\/ca\/#breadcrumb","itemListElement":[{"@type":"ListItem","position":1,"name":"Home","item":"https:\/\/somosusted.com\/ca\/"},{"@type":"ListItem","position":2,"name":"Home"}]},{"@type":"WebSite","@id":"https:\/\/somosusted.com\/#website","url":"https:\/\/somosusted.com\/","name":"Usted","description":"Un millor tu.","publisher":{"@id":"https:\/\/somosusted.com\/#organization"},"potentialAction":[{"@type":"SearchAction","target":{"@type":"EntryPoint","urlTemplate":"https:\/\/somosusted.com\/?s={search_term_string}"},"query-input":"required name=search_term_string"}],"inLanguage":"ca"},{"@type":"Organization","@id":"https:\/\/somosusted.com\/#organization","name":"Usted","url":"https:\/\/somosusted.com\/","sameAs":["https:\/\/www.instagram.com\/_usted_\/","https:\/\/www.linkedin.com\/company\/usted-","https:\/\/www.facebook.com\/somosusted\/","https:\/\/twitter.com\/Usted_TW"],"logo":{"@type":"ImageObject","inLanguage":"ca","@id":"https:\/\/somosusted.com\/#\/schema\/logo\/image\/","url":"https:\/\/somosusted.com\/wp-content\/uploads\/2020\/07\/usted_01.jpg","contentUrl":"https:\/\/somosusted.com\/wp-content\/uploads\/2020\/07\/usted_01.jpg","width":1920,"height":1280,"caption":"Usted"},"image":{"@id":"https:\/\/somosusted.com\/#\/schema\/logo\/image\/"}}]}},"_links":{"self":[{"href":"https:\/\/somosusted.com\/ca\/wp-json\/wp\/v2\/pages\/1111"}],"collection":[{"href":"https:\/\/somosusted.com\/ca\/wp-json\/wp\/v2\/pages"}],"about":[{"href":"https:\/\/somosusted.com\/ca\/wp-json\/wp\/v2\/types\/page"}],"author":[{"embeddable":true,"href":"https:\/\/somosusted.com\/ca\/wp-json\/wp\/v2\/users\/1"}],"replies":[{"embeddable":true,"href":"https:\/\/somosusted.com\/ca\/wp-json\/wp\/v2\/comments?post=1111"}],"version-history":[{"count":13,"href":"https:\/\/somosusted.com\/ca\/wp-json\/wp\/v2\/pages\/1111\/revisions"}],"predecessor-version":[{"id":2692,"href":"https:\/\/somosusted.com\/ca\/wp-json\/wp\/v2\/pages\/1111\/revisions\/2692"}],"wp:featuredmedia":[{"embeddable":true,"href":"https:\/\/somosusted.com\/ca\/wp-json\/wp\/v2\/media\/1467"}],"wp:attachment":[{"href":"https:\/\/somosusted.com\/ca\/wp-json\/wp\/v2\/media?parent=1111"}],"curies":[{"name":"wp","href":"https:\/\/api.w.org\/{rel}","templated":true}]}}