{"id":1118,"date":"2020-06-04T17:53:29","date_gmt":"2020-06-04T15:53:29","guid":{"rendered":"http:\/\/somosusted.com\/contact\/"},"modified":"2026-04-24T12:16:52","modified_gmt":"2026-04-24T10:16:52","slug":"contact","status":"publish","type":"page","link":"https:\/\/somosusted.com\/ca\/contact\/","title":{"rendered":"Contact"},"content":{"rendered":"\n\n\n<div id=\"title-text-block_c5b3d9a936cfce31f57f3b2e5c658d52\" class=\"title-text\">\n\n\t<div class=\"lg:flex \">\n    \t\n        \t\n        <div class=\"w-full lg:w-1\/4 title-5 line-height px-usted mb-2 lg:mb-0 xl:-mt-1 hidden xl:block\">  <\/div>\n    \n\n    \t<div class=\"lg:w-3\/4 px-usted wysiwyg-content -mb-1 xl:-my-2\"><p>Escriu, truca, vine. \u00c9s gratis. No hi ha cap comprom\u00eds. <em>Ens agrada con\u00e8ixer gent i que ens expliqui els seus projectes.<\/em> Tamb\u00e9 ens pots seguir a les xarxes i aix\u00ed tindrem un petit vincle (que esperem que s\u2019ampli\u00ef amb el temps).<\/p>\n<\/div>       \t\n\t\n\t<\/div>\n\n<\/div>\n\n\n\n\n<div class=\"wp-block-columns is-layout-flex wp-container-core-columns-is-layout-9d6595d7 wp-block-columns-is-layout-flex\">\n<div class=\"wp-block-column maps is-layout-flow wp-block-column-is-layout-flow\">\n<p><iframe loading=\"lazy\" style=\"border: 0;\" tabindex=\"0\" src=\"https:\/\/www.google.com\/maps\/embed?pb=!4v1591871700552!6m8!1m7!1sLoMjXLf4uRCH_tn91MejrA!2m2!1d41.40066299992694!2d2.151151806750855!3f309.466349305727!4f25.319573979491565!5f0.7820865974627469\" width=\"600\" height=\"450\" frameborder=\"0\" allowfullscreen=\"allowfullscreen\" aria-hidden=\"false\"><\/iframe><\/p>\n<\/div>\n\n\n\n<div class=\"wp-block-column is-layout-flow wp-block-column-is-layout-flow\">\n<p><\/p>\n\n\n\n<figure class=\"wp-block-image size-large\"><img loading=\"lazy\" decoding=\"async\" width=\"1920\" height=\"1280\" src=\"http:\/\/somosusted.com\/wp-content\/uploads\/2020\/07\/00_usted_Team-1920x1280.jpg\" alt=\"\" class=\"wp-image-281\" srcset=\"https:\/\/somosusted.com\/wp-content\/uploads\/2020\/07\/00_usted_Team-1920x1280.jpg 1920w, https:\/\/somosusted.com\/wp-content\/uploads\/2020\/07\/00_usted_Team-1280x853.jpg 1280w, https:\/\/somosusted.com\/wp-content\/uploads\/2020\/07\/00_usted_Team-768x512.jpg 768w, https:\/\/somosusted.com\/wp-content\/uploads\/2020\/07\/00_usted_Team-1536x1024.jpg 1536w, https:\/\/somosusted.com\/wp-content\/uploads\/2020\/07\/00_usted_Team-2048x1365.jpg 2048w\" sizes=\"auto, (max-width: 1920px) 100vw, 1920px\" \/><\/figure>\n<\/div>\n<\/div>\n\n\n\n\n\n<div id=\"title-text-block_ca80018a6f0b8f2992062fa125616f13\" class=\"title-text\">\n\n\t<div class=\"lg:flex \">\n    \t\n        \t\n        <div class=\"w-full lg:w-1\/4 title-5 line-height px-usted mb-2 lg:mb-0 xl:-mt-1 \"> Contacta\u2019ns <\/div>\n    \n\n    \t<div class=\"lg:w-3\/4 px-usted wysiwyg-content -mb-1 xl:-my-2\"><h2><a href=\"mailto:hola@somosusted.com\">hola@somosusted.com<\/a><br \/>\n<a href=\"tel:+34930176977\">+34 930 176 977<\/a><\/h2>\n<\/div>       \t\n\t\n\t<\/div>\n\n<\/div>\n\n\n\n\n\n\n<div id=\"title-text-block_a851104f453d5b14f20ae424a8c5c7c5\" class=\"title-text\">\n\n\t<div class=\"lg:flex \">\n    \t\n        \t\n        <div class=\"w-full lg:w-1\/4 title-5 line-height px-usted mb-2 lg:mb-0 xl:-mt-1 \"> Visita\u2019ns <\/div>\n    \n\n    \t<div class=\"lg:w-3\/4 px-usted wysiwyg-content -mb-1 xl:-my-2\"><h2>Via Augusta 82, \u00c0tic.<br \/>\n08006 Barcelona<\/h2>\n<\/div>       \t\n\t\n\t<\/div>\n\n<\/div>\n\n\n\n\n\n\n<div id=\"title-text-block_75c1f311cf652a087f3130c6cff6ed06\" class=\"title-text hidden lg:block\">\n\n\t<div class=\"lg:flex \">\n    \t\n        \t\n        <div class=\"w-full lg:w-1\/4 title-5 line-height px-usted mb-2 lg:mb-0 xl:-mt-1 \"> Segueix-nos <\/div>\n    \n\n    \t<div class=\"lg:w-3\/4 px-usted wysiwyg-content -mb-1 xl:-my-2\"><h2><a href=\"https:\/\/instagram.com\/_usted_\" target=\"_blank\" rel=\"noopener\">Instagram<\/a>, <a href=\"https:\/\/www.linkedin.com\/company\/usted-\" target=\"_blank\" rel=\"noopener\">Linkedin<\/a> &amp; <a href=\"https:\/\/open.spotify.com\/playlist\/7lQ30dLCAljhhVXV6r5SiL?si=kFOlUbQ0T8u-v0y5LaZbuw\" target=\"_blank\" rel=\"noopener\">Spotify<\/a><\/h2>\n<\/div>       \t\n\t\n\t<\/div>\n\n<\/div>\n\n","protected":false},"excerpt":{"rendered":"","protected":false},"author":1,"featured_media":0,"parent":0,"menu_order":2,"comment_status":"closed","ping_status":"closed","template":"","meta":{"footnotes":""},"class_list":["post-1118","page","type-page","status-publish","hentry"],"acf":[],"_links":{"self":[{"href":"https:\/\/somosusted.com\/ca\/wp-json\/wp\/v2\/pages\/1118","targetHints":{"allow":["GET"]}}],"collection":[{"href":"https:\/\/somosusted.com\/ca\/wp-json\/wp\/v2\/pages"}],"about":[{"href":"https:\/\/somosusted.com\/ca\/wp-json\/wp\/v2\/types\/page"}],"author":[{"embeddable":true,"href":"https:\/\/somosusted.com\/ca\/wp-json\/wp\/v2\/users\/1"}],"replies":[{"embeddable":true,"href":"https:\/\/somosusted.com\/ca\/wp-json\/wp\/v2\/comments?post=1118"}],"version-history":[{"count":14,"href":"https:\/\/somosusted.com\/ca\/wp-json\/wp\/v2\/pages\/1118\/revisions"}],"predecessor-version":[{"id":3069,"href":"https:\/\/somosusted.com\/ca\/wp-json\/wp\/v2\/pages\/1118\/revisions\/3069"}],"wp:attachment":[{"href":"https:\/\/somosusted.com\/ca\/wp-json\/wp\/v2\/media?parent=1118"}],"curies":[{"name":"wp","href":"https:\/\/api.w.org\/{rel}","templated":true}]}}